{"id":1687,"date":"2021-02-25T12:57:37","date_gmt":"2021-02-25T09:57:37","guid":{"rendered":"https:\/\/www.ekremkeskin.com\/en\/?page_id=1687"},"modified":"2024-03-09T00:35:36","modified_gmt":"2024-03-08T21:35:36","slug":"about-us","status":"publish","type":"page","link":"https:\/\/www.ekremkeskin.com\/en\/about-us\/","title":{"rendered":"About Us"},"content":{"rendered":"<h2>PLASTIC SURGERY SPECIALIST<\/h2>\n<p>Surgeon Ekrem Keskin was born in 1986 in Istanbul. He completed his education at Istanbul University Cerrahpa\u015fa Faculty of Medicine in 2010, and was awarded the title of Medical Doctor. After graduating he chose to study plastic surgery when he sat the Medical Specialization Examination (TUS). He completed the exam with a degree and gained admittance to the Plastic, Reconstructive and Aesthetic Surgery department at Haydarpa\u015fa Numune Training and Research Hospital. During his residency training he was instructed in nose, facial and breast aesthetics under the supervision of James Zins, MD and Raffi Gurunluoglu, MD, at Cleveland Clinic Plastic and Reconstructive and Aesthetic Surgery Department, Cleveland, OHIO-USA in 2016. After 5 years of Plastic, Reconstructive and Aesthetic Surgery training, he completed his specialization and became a Plastic and Aesthetic Surgery Specialist.<\/p>\n<p>Op. Dr. Ekrem Keskin was born in 1986 in Istanbul. He completed his education at Istanbul University Cerrahpa\u015fa Faculty of Medicine in 2010, and was awarded the title of Medical Doctor. After graduating he chose to study plastic surgery when he sat the Medical Specialization Examination (TUS). He completed the exam with a degree and gained admittance to the Plastic, Reconstructive and Aesthetic Surgery department at Haydarpa\u015fa Numune Training and Research Hospital.<\/p>\n<p>Surgeon Ekrem Keskin works as a Specialist at Haydarpa\u015fa Sultan Abd\u00fclhamit Training and Research Hospital and carries out examinations at his private surgery in Kad\u0131k\u00f6y and performs his surgery at Medicana Hospital and Ac\u0131badem Hospitals.<\/p>\n<h2>National and International Poster Presentations<\/h2>\n<p>1) \u00c7ilo\u011flu N., Keskin E., T\u00fcrkmen \u0130., Duran A., Eraslan T. : Ulnar Nerve Compression Due to Arteriovenous Malformation in Guyon&#8217;s Canal, Official Journal Of Turkish Society For Surgery Of Hand And Upperextremity, August 2013<\/p>\n<p>2) Atik B., Hanspolat Y., Keskin E., Tamses E.,Kocak O.F , Gum on the arch bar , 8th bapras Congress, 5-8 Eyl\u00fcl 2013, Budva-Montenegro<\/p>\n<p>3) Atik B., Hanspolat Y., Keskin E., Tamses E.,Kocak O.F , Lower Lip Reconstuction Usingn Modified Myomucosal Flap , 8th bapras Congress, 5-8 September 2013, Budva-Montenegro<\/p>\n<p>4) Atik B., Hanspolat Y., Keskin E., Tamses E.,Kocak O.F , Using Two Flap Breast Reduction , 8th bapras Congress, 5-8 September 2013, Budva-Montenegro<\/p>\n<p>5) E.S. Keskin, E. Keskin, M. Yakut, B. Atik, A. Ko\u00e7er :Isolated Abducens Palsy In Max\u0131llofac\u0131al Travma, 9th BAPRAS Congress, 17-20 September 2015, Greece<\/p>\n<p>6) E.S. Keskin, E. Keskin, Y. Haspolat, B. Atik : Mal\u0131gnant Melanoma W\u0131th Unknown Pr\u0131mary, 9th BAPRAS Congress, 17-20 September 2015, Greece<\/p>\n<p>7) \u00c7ilo\u011flu N., Keskin E., Duran A., Aslan O., Evrensel E. : Fournier&#8217;s Gangrene: Treatment Options and Our Clinical Experiences, 36th Turkish Plastic Reconstructive and Aesthetic Surgery National Congress, 29 October-1 November 2015, Istanbul<\/p>\n<p>8) \u00c7ilo\u011flu N., Duran A., Keskin E., Yaz\u0131c\u0131 A. Omar S. : A Case of Giant Conduloma Acuminata Located in the Perineal Region, 36th Turkish Plastic, Reconstructive and Aesthetic Surgery National Congress, 29 October-1 November 2015, Istanbul<\/p>\n<p>9) \u00c7ilo\u011flu N.S., Evrensel E., Keskin E.R, Yi\u011fit A., Omar S.: A Rare Case: Basal Cell Carcinoma in the Nipple Areola Complex, 37th Turkish Plastic Reconstructive and Aesthetic Surgery National Congress, 4-7 November 2015, Ankara.<\/p>\n<p>10) \u00c7ilo\u011flu N.S., Yi\u011fit A.K., T\u00fcrkmen \u0130., Keskin E.R : Keutel Syndrome: Nasal Skin Expansion with Repetitive Fat Injections, 37. Turkish Plastic Reconstructive and Aesthetic Surgery National Congress, 4-7 November 2015, Ankara.<\/p>\n<p>11) \u00c7ilo\u011flu N.S., Evrensel E., Keskin E.R, Yi\u011fit A., Omar S.: A Rare Case: Basal Cell Carcinoma in the Nipple Areola Complex, 37th Turkish Plastic Reconstructive and Aesthetic Surgery National Congress, 4-7 November 2015, Ankara.<\/p>\n<p>12) Aslan O., Keskin E.R, Evrensel E., Yi\u011fit A.K,: Recurrent Hemorrhage After Gynecomastia Correction: Hemophilia Variant Patient, 37. Turkish Plastic Reconstructive and Aesthetic Surgery National Congress, 4-7 November 2015, Ankara<\/p>\n<p>13) \u00c7ilo\u011flu NS, T\u00fcrkmen \u0130., B\u00fcy\u00fckdo\u011fan H., Omar S., Keskin ER: Combined Topical 5% Imiquimod and Oral Propranolol Treatment in a Case of Hemangioma Located in the Auricle, 37. Turkish Plastic Reconstructive and Aesthetic Surgery National Congress, 4-7 November 2015, Ankara<\/p>\n<p>14) \u00c7ilo\u011flu N.S., B\u00fcy\u00fckdo\u011fan H., T\u00fcrkmen \u0130., Keskin E.R., Kaya S. : External Ear Canal Hemangioma Caused by Sensory Defects, 37. Turkish Plastic Reconstructive and Aesthetic Surgery National Congress, 4-7 November 2015, Ankara<\/p>\n<h2>National and International Publications<\/h2>\n<p>1) \u00c7ilo\u011flu, S., Duran, A., Yi\u011fit, A., B\u00fcy\u00fckdo\u011fan, H., &amp; Keskin, E. (2015). Non-Melanoma Skin Cancers Located in the Auricle: A Retrospective Analysis of 51 Cases. Turkish Journal of Dermatology, 9(4).<\/p>\n<p>2) Keskin, E. S., Keskin, E., Atik, B., &amp; Ko\u00e7er, A. (2015). A case of isolated abducens nerve paralysis in maxillofacial trauma. Annals of maxillofacial surgery, 5(2), 258.<\/p>\n<p>3) Ciloglu, S., Duran, A., Keskin, E., &amp; Yigit, A. (2016). Dendritic fibromyxolipoma of left inguinal region. Indian Journal of Pathology and Microbiology, 59(2), 250.<\/p>\n<p>4) Ciloglu, S., Duran, A., Yigit, A. K., Buyukdogan, H., &amp; Keskin, E. (2015). Keutel syndrome: Augmentation of the nose with serial fat grafting. Annals of maxillofacial surgery, 5(2), 287.<\/p>\n<p>5) \u00c7ilo\u011flu, N. S., \u00d6nsal, E., Duran, A., Mert, A. \u0130., &amp; Keskin, E. (2015). Guyon&#8217;s canal syndrome: a report of three cases of mass. Turkish Journal of Plastic, Reconstructive and Aesthetic Surgery (Turk Plast Surg), 23(3), 130-132.<\/p>\n<h2>National and International Oral Presentations<\/h2>\n<p>1)\u00c7ilo\u011flu N., Keskin E.R, Duran A., Yaz\u0131c\u0131 A., Omar S., Eraslan T. : Eyelid Tumors, 36th Turkish Plastic Reconstructive and Aesthetic Surgery National Congress, 29 October-1 November 2015, Istanbul<\/p>\n<p>2) \u00c7ilo\u011flu NS, Keskin ER, B\u00fcy\u00fckdogan H., T\u00fcrkmen \u0130., Evrensel E. : Our Experiences in Combination of Suture and Perichondrioadipodermal Flap Technique in the Correction of Prominent Ear Deformity., 37. Turkish Plastic Reconstructive and Aesthetic Surgery National Congress, 4-7 November 2015, Ankara.<\/p>\n<p>3) Duzgun S., Keskin E.R, Yi\u011fit A., Evrensel E., Aslan O. : New Lateral Band Formation Technique in Repair of Chronic Boutoniere Deformity, 37. Turkish Plastic Reconstructive and Aesthetic Surgery National Congress, 4-7 November 2015, Ankara.<\/p>\n<p>4) Duzgun S., Keskin ER, Erdogan O., Yi\u011fit A., Evrensel E., Aslan O. : Approach to Recipient Vein Problem in Patients Treated with Free Fibula Flap Diagnosed with Femoral Head Aseptic Necrosis, 37. Turkish Plastic Reconstructive and Aesthetics Surgery National Congress, 4-7 November 2015, Ankara.<\/p>\n<h2>Attended Congresses and Courses<\/h2>\n<p><strong>Attended Educational Activities, Congress, Symposium and Certificates:<\/strong><\/p>\n<p>1) &#8220;All aspects of Fat Grafts&#8221; TPRECD Istanbul Regional Meeting (21 September 2012, Bah\u00e7e\u015fehir University-Istanbul)<\/p>\n<p>2) Controversies \u0130n Reconstructive Microsurgery Meeting (6-8 Aral\u0131k 2012, The Marmara Hotel-\u0130stanbul<\/p>\n<p>3) 10th Cerrahpa\u015fa Plastic Surgery Days &#8220;Aesthetic and Functional Abdominal Wall Surgery&#8221; (31 May-01 June 2013, Cerrahpa\u015fa Medical Faculty, Istanbul)<\/p>\n<p>4) Istanbul Medeniyet University Microsurgery Education and Research Laboratory &#8220;Basic Microsurgery Course&#8221; (13-17 January 2014- Istanbul)<\/p>\n<p>5) 18th National Congress of the Society of Aesthetic Plastic Surgery (11-12 January 2014, Istanbul)<\/p>\n<p>6) I.Marmara Region Plastic Surgery Training Meeting &#8220;Difficult Wounds in Plastic Surgery&#8221; (28 March 2014- \u015ei\u015fli Etfal Training and Research Hospital\/Istanbul)<\/p>\n<p>7) 2nd Marmara Region Plastic Surgery Training Meeting &#8220;Difficult Case in Hand Surgery&#8221; (08 May 2014 &#8211; Kartal Training and Research Hospital\/Istanbul)<\/p>\n<p>8) TPRECD 36th National Congress (29 October\/1 November 2014 \u2013 Istanbul)<\/p>\n<p>9) TPRECD 36th National Congress &#8220;Hair Transplant Surgery&#8221; Course (29 October\/1 November 2014 \u2013 Istanbul)<\/p>\n<p>10) TPRECD 36th National Congress &#8220;Common Problems in the Hand and Their Treatment&#8221; Course (29 October\/1 November 2014 \u2013 Istanbul)<\/p>\n<p>11) TPRECD 36th National Congress &#8220;Nasal Endoscopy and Functional Nasal Surgery&#8221; Course (29 October\/1 November 2014 \u2013 Istanbul)<\/p>\n<p>12) TPRECD Istanbul Regional Meeting &#8220;Cellular Therapy Applications in Plastic Surgery and Application Limits&#8221; (8 May 2015- Ba\u011fc\u0131lar Training and Research Hospital\/Istanbul)<\/p>\n<p>13) \u201cSurgical Innovations in Breast Cancer: Multidisciplinary Approach and Simultaneous Repair Techniques (16-17 May 2015, Istanbul Florence Nightingale Hospital)<\/p>\n<p>14) TPRECD I. Facial Aesthetics and VIII. Rhinoplasty Course (21-24 May 2015, Ac\u0131badem University Faculty of Medicine-American Hospital\/Ni\u015fanta\u015f\u0131)<\/p>\n<p>15) Yeditepe University Experimental Animals Ethics Committee-&#8220;Laboratory Animals Course&#8221; (28 May- 06 June 2015)<\/p>\n<p>16) 12th Cerrahpa\u015fa Plastic Surgery Days &#8220;Breast Reconstruction&#8221; (5-6 June 2015, Cerrahpa\u015fa Medical Faculty, Istanbul)<\/p>\n<p>17) 9th BAPRAS Congress (17-20 September 2015- Greece)<\/p>\n<p>19) TPRECD 37th National Congress (4-7 November 2015- Ankara)<\/p>\n<p>20) &#8220;6th Highway Traffic Safety Symposium&#8221; (12-14 November 2015- Ankara)<\/p>\n<p>21) Aesthetic Plastic Surgery Association 20th National Congress (09-10 January 2016 -CVK Park Bosphorus Hotel\/Istanbul)<\/p>\n<p>22) &#8221;Implant Selection Meeting in Aesthetic and Reconstructive Breast Surgery&#8221; (26 February 2016- Ac\u0131badem Maslak Hospital\/Istanbul)<\/p>\n<p>&nbsp;<\/p>\n","protected":false},"excerpt":{"rendered":"<p>PLASTIC SURGERY SPECIALIST Surgeon Ekrem Keskin was born in 1986 in Istanbul. He completed his education at Istanbul University Cerrahpa\u015fa Faculty of Medicine in 2010, and was awarded the title of Medical Doctor. After graduating he chose to study plastic surgery when he sat the Medical Specialization Examination (TUS). He completed the exam with a [&hellip;]<\/p>\n","protected":false},"author":1,"featured_media":1697,"parent":0,"menu_order":0,"comment_status":"closed","ping_status":"closed","template":"","meta":{"footnotes":""},"aioseo_notices":[],"_links":{"self":[{"href":"https:\/\/www.ekremkeskin.com\/en\/wp-json\/wp\/v2\/pages\/1687"}],"collection":[{"href":"https:\/\/www.ekremkeskin.com\/en\/wp-json\/wp\/v2\/pages"}],"about":[{"href":"https:\/\/www.ekremkeskin.com\/en\/wp-json\/wp\/v2\/types\/page"}],"author":[{"embeddable":true,"href":"https:\/\/www.ekremkeskin.com\/en\/wp-json\/wp\/v2\/users\/1"}],"replies":[{"embeddable":true,"href":"https:\/\/www.ekremkeskin.com\/en\/wp-json\/wp\/v2\/comments?post=1687"}],"version-history":[{"count":2,"href":"https:\/\/www.ekremkeskin.com\/en\/wp-json\/wp\/v2\/pages\/1687\/revisions"}],"predecessor-version":[{"id":2324,"href":"https:\/\/www.ekremkeskin.com\/en\/wp-json\/wp\/v2\/pages\/1687\/revisions\/2324"}],"wp:featuredmedia":[{"embeddable":true,"href":"https:\/\/www.ekremkeskin.com\/en\/wp-json\/wp\/v2\/media\/1697"}],"wp:attachment":[{"href":"https:\/\/www.ekremkeskin.com\/en\/wp-json\/wp\/v2\/media?parent=1687"}],"curies":[{"name":"wp","href":"https:\/\/api.w.org\/{rel}","templated":true}]}}